{"id":237,"date":"2024-01-18T19:20:39","date_gmt":"2024-01-18T18:20:39","guid":{"rendered":"https:\/\/innovativedesign.es\/?page_id=237"},"modified":"2024-01-18T19:20:39","modified_gmt":"2024-01-18T18:20:39","slug":"politica-de-cookies","status":"publish","type":"page","link":"https:\/\/innovativedesign.es\/?page_id=237","title":{"rendered":"Pol\u00edtica de Cookies"},"content":{"rendered":"\n<p class=\"has-x-small-font-size\">En cumplimiento con lo dispuesto en el art\u00edculo 22.2 de la Ley 34\/2002, de 11 de julio, de Servicios de la Sociedad de la Informaci\u00f3n y de Comercio Electr\u00f3nico, el Titular te informa que este sitio Web utiliza cookies, as\u00ed como sobre su pol\u00edtica de recogida y el tratamiento que hace de las mismas.<\/p>\n\n\n\n<h2 class=\"wp-block-heading has-small-font-size\">Qu\u00e9 son las cookies<\/h2>\n\n\n\n<p class=\"has-x-small-font-size\">Una cookie es un fichero que se descarga en tu ordenador al entrar a determinadas p\u00e1ginas web. Las cookies permiten a una p\u00e1gina web, entre otras cosas, almacenar y recuperar informaci\u00f3n sobre tus h\u00e1bitos de navegaci\u00f3n y \u2014dependiendo de la informaci\u00f3n que contengan y de la forma en que utilices tu equipo\u2014 pueden utilizarse para identificarte.<\/p>\n\n\n\n<h2 class=\"wp-block-heading has-small-font-size\">Tipos de cookies utilizadas<\/h2>\n\n\n\n<p class=\"has-x-small-font-size\">El sitio Web\u00a0<a href=\"https:\/\/innovativedesignesp.es\" title=\"\">https:\/\/innovativedesignesp.es\u00a0<\/a>utiliza los siguientes tipos de cookies:<\/p>\n\n\n\n<ul>\n<li class=\"has-x-small-font-size\"><strong>Cookies de an\u00e1lisis:<\/strong>&nbsp;Son aquellas que, bien tratadas por el sitio Web o por terceros, permiten cuantificar el n\u00famero de usuarios y as\u00ed realizar la medici\u00f3n y an\u00e1lisis estad\u00edstico de la utilizaci\u00f3n que hacen los usuarios del sitio Web. Para ello se analiza la navegaci\u00f3n que realizas en este sitio Web con el fin de mejorarlo.<\/li>\n\n\n\n<li class=\"has-x-small-font-size\"><strong>Cookies t\u00e9cnicas:<\/strong>&nbsp;Son aquellas tratadas por el sitio Web que permiten a los usuarios registrados navegar a trav\u00e9s del \u00e1rea restringida y a utilizar sus diferentes funciones, como por ejemplo, llevar a cabo el proceso de compra de un Producto o Servicio.<br>Algunas cookies son esenciales para el funcionamiento del sitio Web, por ejemplo, el sistema de comentarios o el buscador.<\/li>\n\n\n\n<li class=\"has-x-small-font-size\"><strong>Cookies de personalizaci\u00f3n:<\/strong>&nbsp;Son aquellas que permiten a los usuarios acceder al Servicio con algunas caracter\u00edsticas de car\u00e1cter general predefinidas en funci\u00f3n de una serie de criterios establecidos por el usuario como, por ejemplo, el idioma o el tipo de navegador a trav\u00e9s del cual se conecta a este sitio Web.<\/li>\n<\/ul>\n\n\n\n<h2 class=\"wp-block-heading has-small-font-size\">Desactivar las cookies<\/h2>\n\n\n\n<p class=\"has-x-small-font-size\">Puedes aceptar, bloquear o eliminar las cookies instaladas en tu equipo mediante la configuraci\u00f3n de las opciones del navegador.<\/p>\n\n\n\n<p class=\"has-x-small-font-size\">En los siguientes enlaces encontrar\u00e1s instrucciones para habilitar o deshabilitar las cookies en los navegadores m\u00e1s comunes.<\/p>\n\n\n\n<ul>\n<li class=\"has-x-small-font-size\"><a href=\"http:\/\/support.mozilla.org\/es\/kb\/habilitar-y-deshabilitar-cookies-que-los-sitios-we\"><strong>Firefox<\/strong><\/a><\/li>\n\n\n\n<li class=\"has-x-small-font-size\"><a href=\"http:\/\/support.apple.com\/kb\/HT1677?viewlocale=es_ES\"><strong>Safari<\/strong><\/a><\/li>\n\n\n\n<li class=\"has-x-small-font-size\"><a href=\"https:\/\/support.google.com\/chrome\/answer\/95647?hl=es\"><strong>Google Chrome<\/strong><\/a><\/li>\n<\/ul>\n\n\n\n<h2 class=\"wp-block-heading has-small-font-size\">Cookies de terceros<\/h2>\n\n\n\n<p class=\"has-x-small-font-size\">El sitio Web utiliza los servicios de Google Adsense y de Google Analytics que pueden instalar cookies que sirven para obtener estad\u00edsticas y datos publicitarios.<\/p>\n\n\n\n<p class=\"has-x-small-font-size\">El sitio Web incluye otras funcionalidades proporcionadas por las redes sociales y que pueden instalar cookies. Puedes compartir el contenido en tus redes sociales como Facebook, Twitter, Google +, Instagram o YouTube con los botones incluidos a tal efecto o con las herramientas para compartir propias de las redes sociales.<\/p>\n\n\n\n<h2 class=\"wp-block-heading has-small-font-size\">Advertencia sobre eliminar cookies<\/h2>\n\n\n\n<p class=\"has-x-small-font-size\">Puedes eliminar y bloquear las cookies de este sitio Web, pero parte del sitio no funcionar\u00e1 correctamente o su calidad puede verse afectada.<\/p>\n\n\n\n<h2 class=\"wp-block-heading has-small-font-size\">Contacto<\/h2>\n\n\n\n<p class=\"has-x-small-font-size\">En caso de que tengas cualquier duda acerca de esta Pol\u00edtica de Cookies o quieras realizar cualquier comentario sobre este sitio Web, puedes enviar un mensaje de correo electr\u00f3nico a la direcci\u00f3n <a href=\"innovativedesignesp@gmail.com\" title=\"innovativedesignesp@gmail.com\">innovativedesignesp@gmail.com<\/a><\/p>\n","protected":false},"excerpt":{"rendered":"<p>En cumplimiento con lo dispuesto en el art\u00edculo 22.2 de la Ley 34\/2002, de 11 de julio, de Servicios de la Sociedad de la Informaci\u00f3n y de Comercio Electr\u00f3nico, el Titular te informa que este sitio Web utiliza cookies, as\u00ed como sobre su pol\u00edtica de recogida y el tratamiento que hace de las mismas. Qu\u00e9 &hellip; <\/p>\n<p class=\"link-more\"><a href=\"https:\/\/innovativedesign.es\/?page_id=237\" class=\"more-link\">Read more<span class=\"screen-reader-text\"> &#8220;Pol\u00edtica de Cookies&#8221;<\/span><\/a><\/p>\n","protected":false},"author":1,"featured_media":0,"parent":0,"menu_order":0,"comment_status":"closed","ping_status":"closed","template":"","meta":{"om_disable_all_campaigns":false,"_monsterinsights_skip_tracking":false,"_monsterinsights_sitenote_active":false,"_monsterinsights_sitenote_note":"","_monsterinsights_sitenote_category":0,"footnotes":""},"aioseo_notices":[],"_links":{"self":[{"href":"https:\/\/innovativedesign.es\/index.php?rest_route=\/wp\/v2\/pages\/237"}],"collection":[{"href":"https:\/\/innovativedesign.es\/index.php?rest_route=\/wp\/v2\/pages"}],"about":[{"href":"https:\/\/innovativedesign.es\/index.php?rest_route=\/wp\/v2\/types\/page"}],"author":[{"embeddable":true,"href":"https:\/\/innovativedesign.es\/index.php?rest_route=\/wp\/v2\/users\/1"}],"replies":[{"embeddable":true,"href":"https:\/\/innovativedesign.es\/index.php?rest_route=%2Fwp%2Fv2%2Fcomments&post=237"}],"version-history":[{"count":1,"href":"https:\/\/innovativedesign.es\/index.php?rest_route=\/wp\/v2\/pages\/237\/revisions"}],"predecessor-version":[{"id":238,"href":"https:\/\/innovativedesign.es\/index.php?rest_route=\/wp\/v2\/pages\/237\/revisions\/238"}],"wp:attachment":[{"href":"https:\/\/innovativedesign.es\/index.php?rest_route=%2Fwp%2Fv2%2Fmedia&parent=237"}],"curies":[{"name":"wp","href":"https:\/\/api.w.org\/{rel}","templated":true}]}}