{"id":13,"date":"2024-01-12T15:42:19","date_gmt":"2024-01-12T14:42:19","guid":{"rendered":"https:\/\/innovativedesign.es\/?page_id=13"},"modified":"2024-01-19T19:53:32","modified_gmt":"2024-01-19T18:53:32","slug":"home","status":"publish","type":"page","link":"https:\/\/innovativedesign.es\/","title":{"rendered":"P\u00e1gina inicial"},"content":{"rendered":"\n<div class=\"wp-block-cover alignfull is-light hestia-clear-top-padding\"><span aria-hidden=\"true\" class=\"wp-block-cover__background has-white-background-color has-background-dim-100 has-background-dim\"><\/span><div class=\"wp-block-cover__inner-container is-layout-flow wp-block-cover-is-layout-flow\">\n<div style=\"height:40px\" aria-hidden=\"true\" class=\"wp-block-spacer\"><\/div>\n\n\n\n<div class=\"wp-block-columns container is-layout-flex wp-container-core-columns-layout-1 wp-block-columns-is-layout-flex\">\n<div class=\"wp-block-column is-layout-flow wp-block-column-is-layout-flow\">\n<figure class=\"wp-block-image aligncenter size-full is-resized\"><img loading=\"lazy\" decoding=\"async\" width=\"571\" height=\"437\" src=\"https:\/\/innovativedesign.es\/wp-content\/uploads\/2024\/01\/Captura_de_pantalla_2024-01-15_a_les_12.44.57-removebg-preview.png\" alt=\"\" class=\"wp-image-96\" style=\"width:154px;height:auto\" srcset=\"https:\/\/innovativedesign.es\/wp-content\/uploads\/2024\/01\/Captura_de_pantalla_2024-01-15_a_les_12.44.57-removebg-preview.png 571w, https:\/\/innovativedesign.es\/wp-content\/uploads\/2024\/01\/Captura_de_pantalla_2024-01-15_a_les_12.44.57-removebg-preview-300x230.png 300w\" sizes=\"(max-width: 571px) 100vw, 571px\" \/><\/figure>\n\n\n\n<h5 class=\"wp-block-heading has-text-align-center has-text-color\" style=\"color:#002685;font-size:clamp(14px, 0.875rem + ((1vw - 3.2px) * 0.625), 20px);\">Dise\u00f1o Gastron\u00f3mico Exclusivo<\/h5>\n\n\n\n<p class=\"has-text-align-center has-primary-color has-text-color\" style=\"font-size:clamp(14px, 0.875rem + ((1vw - 3.2px) * 0.313), 17px);\"><strong>Cada p\u00e1gina web es una expresi\u00f3n \u00fanica de la esencia de tu cocina<\/strong>, dise\u00f1ada con creatividad y apetito para <strong>cautivar a tus clientes desde el primer vistazo<\/strong>.<\/p>\n\n\n\n<div style=\"height:25px\" aria-hidden=\"true\" class=\"wp-block-spacer\"><\/div>\n<\/div>\n\n\n\n<div class=\"wp-block-column is-layout-flow wp-block-column-is-layout-flow\">\n<figure class=\"wp-block-image aligncenter size-full is-resized\"><img loading=\"lazy\" decoding=\"async\" width=\"560\" height=\"445\" src=\"https:\/\/innovativedesign.es\/wp-content\/uploads\/2024\/01\/Captura_de_pantalla_2024-01-15_a_les_12.40.34-removebg-preview-1.png\" alt=\"\" class=\"wp-image-94\" style=\"width:148px;height:auto\" srcset=\"https:\/\/innovativedesign.es\/wp-content\/uploads\/2024\/01\/Captura_de_pantalla_2024-01-15_a_les_12.40.34-removebg-preview-1.png 560w, https:\/\/innovativedesign.es\/wp-content\/uploads\/2024\/01\/Captura_de_pantalla_2024-01-15_a_les_12.40.34-removebg-preview-1-300x238.png 300w\" sizes=\"(max-width: 560px) 100vw, 560px\" \/><\/figure>\n\n\n\n<h5 class=\"wp-block-heading has-text-align-center has-text-color\" style=\"color:#002685;font-size:clamp(14px, 0.875rem + ((1vw - 3.2px) * 0.625), 20px);\">SEO Localizado de \u00c9lite<\/h5>\n\n\n\n<p class=\"has-text-align-center has-primary-color has-text-color\" style=\"font-size:clamp(14px, 0.875rem + ((1vw - 3.2px) * 0.313), 17px);\"><strong>Destaca en las b\u00fasquedas locales<\/strong> con nuestra estrategia <strong>SEO avanzada <\/strong>y conecta con tu audiencia a trav\u00e9s de la integraci\u00f3n inteligente de redes sociales.<\/p>\n\n\n\n<div style=\"height:25px\" aria-hidden=\"true\" class=\"wp-block-spacer\"><\/div>\n<\/div>\n\n\n\n<div class=\"wp-block-column is-layout-flow wp-block-column-is-layout-flow\">\n<figure class=\"wp-block-image aligncenter size-full is-resized\"><img loading=\"lazy\" decoding=\"async\" width=\"555\" height=\"449\" src=\"https:\/\/innovativedesign.es\/wp-content\/uploads\/2024\/01\/Captura_de_pantalla_2024-01-15_a_les_12.42.18-removebg-preview.png\" alt=\"\" class=\"wp-image-93\" style=\"width:143px;height:auto\" srcset=\"https:\/\/innovativedesign.es\/wp-content\/uploads\/2024\/01\/Captura_de_pantalla_2024-01-15_a_les_12.42.18-removebg-preview.png 555w, https:\/\/innovativedesign.es\/wp-content\/uploads\/2024\/01\/Captura_de_pantalla_2024-01-15_a_les_12.42.18-removebg-preview-300x243.png 300w\" sizes=\"(max-width: 555px) 100vw, 555px\" \/><\/figure>\n\n\n\n<h5 class=\"wp-block-heading has-text-align-center has-text-color\" style=\"color:#002685;font-size:clamp(14px, 0.875rem + ((1vw - 3.2px) * 0.625), 20px);\">Contenido Multimedia<\/h5>\n\n\n\n<p class=\"has-text-align-center has-primary-color has-text-color\" style=\"font-size:clamp(14px, 0.875rem + ((1vw - 3.2px) * 0.313), 17px);\"><strong>Enriquecemos la experiencia digital de tu restaurante<\/strong> con contenido multimedia de alta calidad, desde im\u00e1genes irresistibles hasta v\u00eddeos cautivadores.<\/p>\n\n\n\n<div style=\"height:25px\" aria-hidden=\"true\" class=\"wp-block-spacer\"><\/div>\n<\/div>\n<\/div>\n\n\n\n<div style=\"height:0px\" aria-hidden=\"true\" class=\"wp-block-spacer\"><\/div>\n<\/div><\/div>\n\n\n\n<div class=\"wp-block-columns container is-layout-flex wp-container-core-columns-layout-2 wp-block-columns-is-layout-flex\">\n<div class=\"wp-block-column col-md-5 is-layout-flow wp-block-column-is-layout-flow\">\n<div style=\"height:55px\" aria-hidden=\"true\" class=\"wp-block-spacer\"><\/div>\n\n\n\n<h2 class=\"wp-block-heading has-text-color has-link-color has-large-font-size wp-elements-0bdf840b8e7a6ec6d04b7a8787b6aa2d\" style=\"color:#002685\">Sobre IDB<\/h2>\n\n\n\n<p class=\"has-primary-color has-text-color has-link-color wp-elements-bdc2250167e3b13e373d08a6aea3e0cc\" style=\"font-size:clamp(14px, 0.875rem + ((1vw - 3.2px) * 0.313), 17px);\">IDB es una empresa de creaciones web fundada en el a\u00f1o 2023 en la vibrante ciudad de Barcelona. Bajo la direcci\u00f3n visionaria de Pol Armengol. Somos una empresa nueva que empez\u00f3 en el 2023, pero ya estamos <strong>luchando para tener una buena posici\u00f3n en el mundo digital<\/strong>. Nuestro equipo, con una <strong>buena experiencia<\/strong>, se ha convertido en el motor de nuestra capacidad para ofrecer soluciones innovadoras en el vasto universo de la creaci\u00f3n web.<\/p>\n<\/div>\n\n\n\n<div class=\"wp-block-column col-md-6 col-md-offset1 is-layout-flow wp-block-column-is-layout-flow\">\n<div style=\"height:55px\" aria-hidden=\"true\" class=\"wp-block-spacer\"><\/div>\n\n\n\n<figure class=\"wp-block-image size-full is-resized\"><img loading=\"lazy\" decoding=\"async\" width=\"1000\" height=\"548\" src=\"https:\/\/innovativedesign.es\/wp-content\/uploads\/2024\/01\/empresa.webp\" alt=\"\" class=\"wp-image-86\" style=\"object-fit:cover;width:600px;height:450px\" srcset=\"https:\/\/innovativedesign.es\/wp-content\/uploads\/2024\/01\/empresa.webp 1000w, https:\/\/innovativedesign.es\/wp-content\/uploads\/2024\/01\/empresa-300x164.webp 300w, https:\/\/innovativedesign.es\/wp-content\/uploads\/2024\/01\/empresa-768x421.webp 768w\" sizes=\"(max-width: 1000px) 100vw, 1000px\" \/><\/figure>\n<\/div>\n<\/div>\n\n\n\n<div style=\"height:0px\" aria-hidden=\"true\" class=\"wp-block-spacer\"><\/div>\n\n\n\n<div style=\"height:40px\" aria-hidden=\"true\" class=\"wp-block-spacer\"><\/div>\n\n\n\n<div class=\"wp-block-media-text is-stacked-on-mobile\" style=\"grid-template-columns:51% auto\"><figure class=\"wp-block-media-text__media\"><img loading=\"lazy\" decoding=\"async\" width=\"1000\" height=\"667\" src=\"http:\/\/innovativedesign.es\/wp-content\/uploads\/2024\/01\/contact.jpeg\" alt=\"\" class=\"wp-image-68 size-full\" srcset=\"https:\/\/innovativedesign.es\/wp-content\/uploads\/2024\/01\/contact.jpeg 1000w, https:\/\/innovativedesign.es\/wp-content\/uploads\/2024\/01\/contact-300x200.jpeg 300w, https:\/\/innovativedesign.es\/wp-content\/uploads\/2024\/01\/contact-768x512.jpeg 768w, https:\/\/innovativedesign.es\/wp-content\/uploads\/2024\/01\/contact-360x240.jpeg 360w\" sizes=\"(max-width: 1000px) 100vw, 1000px\" \/><\/figure><div class=\"wp-block-media-text__content\">\n<h2 class=\"wp-block-heading has-text-color has-link-color has-large-font-size wp-elements-1c13874b34120fd19542a3139b0578ec\" style=\"color:#002685\">Dise\u00f1o Web a Medida<\/h2>\n\n\n\n<p style=\"font-size:clamp(14px, 0.875rem + ((1vw - 3.2px) * 0.313), 17px);\">Lo primero que hacemos siempre, es tener una <strong>reuni\u00f3n presencial con vosotros<\/strong>, queremos conocer vuestro restaurante y os preguntamos todos los detalles necesarios para <strong>entender vuestra necesidad y como es vuestra marca<\/strong>. Una vez est\u00e9is de acuerdo con el proyecto, os presentamos una maqueta para que pod\u00e1is ver c\u00f3mo ser\u00e1 el dise\u00f1o web. Y durante todo el&nbsp;<strong>desarrollo web&nbsp;<\/strong>estamos d\u00eda a d\u00eda trabajando a vuestro lado. Al final os formamos para que sep\u00e1is c\u00f3mo gestionar el&nbsp;<strong>dise\u00f1o de&nbsp;p\u00e1ginas web a medida<\/strong>&nbsp;a la perfecci\u00f3n. <\/p>\n\n\n\n<h4 class=\"wp-block-heading\"><a class=\"\" href=\"javascript:void(0)\"><\/a><\/h4>\n<\/div><\/div>\n\n\n\n<div style=\"height:25px\" aria-hidden=\"true\" class=\"wp-block-spacer\"><\/div>\n\n\n\n<h2 class=\"wp-block-heading has-text-align-center has-text-color has-link-color has-large-font-size wp-elements-cd10ccd55131004c24ba9987fb252e9c\" style=\"color:#002685\">Por Qu\u00e9 Elegir Innovative Design<\/h2>\n\n\n\n<div style=\"height:9px\" aria-hidden=\"true\" class=\"wp-block-spacer\"><\/div>\n\n\n\n<p style=\"font-size:clamp(14px, 0.875rem + ((1vw - 3.2px) * 0.313), 17px);\">En Innovative Design, nos destacamos por ofrecer soluciones digitales excepcionales dise\u00f1adas espec\u00edficamente para impulsar el \u00e9xito de tu restaurante. Aqu\u00ed hay algunas razones para elegirnos:<\/p>\n\n\n\n<ol class=\"has-medium-font-size\">\n<li style=\"font-size:clamp(14px, 0.875rem + ((1vw - 3.2px) * 0.313), 17px);\"><strong>Enfoque Especializado:<\/strong> Nos especializamos en la creaci\u00f3n web para restaurantes, comprendiendo las necesidades \u00fanicas de tu industria y adaptando nuestras soluciones para garantizar resultados sobresalientes.<\/li>\n\n\n\n<li style=\"font-size:clamp(14px, 0.875rem + ((1vw - 3.2px) * 0.313), 17px);\"><strong>Creatividad y Personalizaci\u00f3n:<\/strong> Cada proyecto que emprendemos es una oportunidad para desplegar nuestra creatividad. Creamos dise\u00f1os web personalizados que reflejan la identidad \u00fanica de tu restaurante, destacando tu propuesta gastron\u00f3mica de manera atractiva.<\/li>\n\n\n\n<li style=\"font-size:clamp(14px, 0.875rem + ((1vw - 3.2px) * 0.313), 17px);\"><strong>Compromiso con la Excelencia:<\/strong> Nos esforzamos por la excelencia en cada aspecto de nuestro servicio. Desde el dise\u00f1o est\u00e9tico hasta la funcionalidad y el soporte continuo, estamos comprometidos a proporcionar soluciones de alta calidad que superen tus expectativas.<\/li>\n<\/ol>\n\n\n\n<p style=\"font-size:clamp(14px, 0.875rem + ((1vw - 3.2px) * 0.313), 17px);\">Elige Innovative Design para transformar tu presencia digital y llevar la esencia de tu restaurante al mundo online de una manera \u00fanica y efectiva.<\/p>\n\n\n\n<div style=\"height:0px\" aria-hidden=\"true\" class=\"wp-block-spacer\"><\/div>\n\n\n\n<div style=\"height:62px\" aria-hidden=\"true\" class=\"wp-block-spacer\"><\/div>\n\n\n\n<h2 class=\"wp-block-heading has-text-align-center has-text-color has-link-color has-large-font-size wp-elements-15297f5d7d89dda758f40827d36c6459\" style=\"color:#002685\">Nuestros Planes<\/h2>\n\n\n\n<div style=\"height:52px\" aria-hidden=\"true\" class=\"wp-block-spacer\"><\/div>\n\n\n\n<div class=\"wp-block-group alignfull has-global-padding is-layout-constrained wp-block-group-is-layout-constrained\" style=\"margin-top:0px\">\n<div class=\"wp-block-columns has-smaller-left-margin is-layout-flex wp-container-core-columns-layout-3 wp-block-columns-is-layout-flex\">\n<div class=\"wp-block-column is-style-shadow has-background-background-color has-background is-layout-flow wp-container-core-column-layout-6 wp-block-column-is-layout-flow\" style=\"border-style:none;border-width:0px;padding-top:0;padding-right:0;padding-bottom:0;padding-left:0\">\n<div class=\"wp-block-group has-background-color has-text-color has-background has-global-padding is-layout-constrained wp-block-group-is-layout-constrained\" style=\"border-top-left-radius:20px;border-top-right-radius:20px;background-color:#002685;padding-top:20px;padding-right:30px;padding-bottom:20px;padding-left:30px\">\n<div style=\"height:20px\" aria-hidden=\"true\" class=\"wp-block-spacer\"><\/div>\n\n\n\n<h3 class=\"wp-block-heading has-text-align-center has-white-color has-text-color\" style=\"font-size:clamp(18.959px, 1.185rem + ((1vw - 3.2px) * 1.15), 30px);\">Econ\u00f3mico<\/h3>\n\n\n\n<div style=\"height:20px\" aria-hidden=\"true\" class=\"wp-block-spacer\"><\/div>\n<\/div>\n\n\n\n<div class=\"wp-block-group has-global-padding is-layout-constrained wp-container-core-group-layout-2 wp-block-group-is-layout-constrained\" style=\"border-style:none;border-width:0px;padding-top:40px;padding-right:40px;padding-bottom:40px;padding-left:40px\">\n<p class=\"has-text-align-left has-small-font-size\"><strong>Creaci\u00f3n web b\u00e1sica con hasta 5 p\u00e1ginas.<\/strong><\/p>\n\n\n\n<hr class=\"wp-block-separator has-text-color has-lightgrey-color has-alpha-channel-opacity has-lightgrey-background-color has-background is-style-wide\"\/>\n\n\n\n<p class=\"has-text-align-left has-small-font-size\"><strong>Plantilla de dise\u00f1o est\u00e1ndar.<\/strong><\/p>\n\n\n\n<hr class=\"wp-block-separator has-text-color has-lightgrey-color has-alpha-channel-opacity has-lightgrey-background-color has-background is-style-wide\"\/>\n\n\n\n<p class=\"has-text-align-left has-small-font-size\"><strong>SEO b\u00e1sico incluye:<\/strong><\/p>\n\n\n\n<ul class=\"has-normal-font-size\">\n<li class=\"has-small-font-size\">Configuraci\u00f3n de t\u00edtulos y descripciones.<\/li>\n\n\n\n<li class=\"has-small-font-size\">Sugerencias para la optimizaci\u00f3n de contenido.<\/li>\n<\/ul>\n\n\n\n<hr class=\"wp-block-separator has-text-color has-lightgrey-color has-alpha-channel-opacity has-lightgrey-background-color has-background is-style-wide\"\/>\n\n\n\n<p class=\"has-text-align-left has-small-font-size\"><strong>Soporte t\u00e9cnico v\u00eda correo electr\u00f3nico.<\/strong><\/p>\n\n\n\n<hr class=\"wp-block-separator has-text-color has-lightgrey-color has-alpha-channel-opacity has-lightgrey-background-color has-background is-style-wide\"\/>\n\n\n\n<div class=\"wp-block-buttons is-horizontal is-content-justification-center is-layout-flex wp-container-core-buttons-layout-1 wp-block-buttons-is-layout-flex\" style=\"margin-top:40px\">\n<div class=\"wp-block-button has-custom-font-size has-small-font-size\"><a class=\"wp-block-button__link has-background wp-element-button\" style=\"border-radius:5px;background-color:#002685\"><strong>450\u20ac&nbsp;<\/strong><\/a><\/div>\n<\/div>\n<\/div>\n<\/div>\n\n\n\n<div class=\"wp-block-column is-style-shadow has-background-background-color has-background is-layout-flow wp-container-core-column-layout-7 wp-block-column-is-layout-flow\" style=\"border-style:none;border-width:0px;padding-top:0;padding-right:0;padding-bottom:0;padding-left:0\">\n<div class=\"wp-block-group has-background-color has-text-color has-background has-global-padding is-layout-constrained wp-block-group-is-layout-constrained\" style=\"border-top-left-radius:20px;border-top-right-radius:20px;background-color:#002685;padding-top:20px;padding-right:30px;padding-bottom:20px;padding-left:30px\">\n<div style=\"height:20px\" aria-hidden=\"true\" class=\"wp-block-spacer\"><\/div>\n\n\n\n<h3 class=\"wp-block-heading has-text-align-center has-white-color has-text-color\" style=\"font-size:clamp(18.959px, 1.185rem + ((1vw - 3.2px) * 1.15), 30px);\">Premium<\/h3>\n\n\n\n<div style=\"height:20px\" aria-hidden=\"true\" class=\"wp-block-spacer\"><\/div>\n<\/div>\n\n\n\n<div class=\"wp-block-group has-global-padding is-layout-constrained wp-container-core-group-layout-4 wp-block-group-is-layout-constrained\" style=\"border-style:none;border-width:0px;padding-top:40px;padding-right:40px;padding-bottom:40px;padding-left:40px\">\n<p class=\"has-text-align-left has-small-font-size\"><strong>Creaci\u00f3n web completa y personalizada con hasta 10 p\u00e1ginas.<\/strong><\/p>\n\n\n\n<hr class=\"wp-block-separator has-text-color has-lightgrey-color has-alpha-channel-opacity has-lightgrey-background-color has-background is-style-wide\"\/>\n\n\n\n<p class=\"has-text-align-left has-small-font-size\"><strong>Dise\u00f1o personalizado y responsive.<\/strong><\/p>\n\n\n\n<hr class=\"wp-block-separator has-text-color has-lightgrey-color has-alpha-channel-opacity has-lightgrey-background-color has-background is-style-wide\"\/>\n\n\n\n<p class=\"has-text-align-left has-small-font-size\"><strong>SEO avanzado que incluye:<\/strong><\/p>\n\n\n\n<ul id=\"block-2a05a579-c075-4c27-9a08-12c16359f7a6\">\n<li class=\"has-small-font-size\">Investigaci\u00f3n y selecci\u00f3n de palabras clave.<\/li>\n\n\n\n<li class=\"has-small-font-size\">Optimizaci\u00f3n de metaetiquetas, encabezados y contenido.<\/li>\n\n\n\n<li class=\"has-small-font-size\">Configuraci\u00f3n de datos estructurados.<\/li>\n\n\n\n<li class=\"has-small-font-size\">Estrategia de construcci\u00f3n de enlaces b\u00e1sica.<\/li>\n<\/ul>\n\n\n\n<hr class=\"wp-block-separator has-text-color has-lightgrey-color has-alpha-channel-opacity has-lightgrey-background-color has-background is-style-wide\"\/>\n\n\n\n<p class=\"has-text-align-left has-small-font-size\"><strong>Soporte t\u00e9cnico prioritario v\u00eda correo electr\u00f3nico y llamadas.<\/strong><\/p>\n\n\n\n<hr class=\"wp-block-separator has-text-color has-lightgrey-color has-alpha-channel-opacity has-lightgrey-background-color has-background is-style-wide\"\/>\n\n\n\n<div class=\"wp-block-buttons is-horizontal is-content-justification-center is-layout-flex wp-container-core-buttons-layout-2 wp-block-buttons-is-layout-flex\" style=\"margin-top:40px\">\n<div class=\"wp-block-button has-custom-font-size has-small-font-size\"><a class=\"wp-block-button__link has-background wp-element-button\" style=\"border-radius:5px;background-color:#002685\"><strong>750\u20ac&nbsp;<\/strong><\/a><\/div>\n<\/div>\n<\/div>\n<\/div>\n<\/div>\n\n\n\n<div style=\"height:37px\" aria-hidden=\"true\" class=\"wp-block-spacer\"><\/div>\n<\/div>\n\n\n\n<div style=\"height:73px\" aria-hidden=\"true\" class=\"wp-block-spacer\"><\/div>\n\n\n\n<div class=\"wp-block-group has-border-color has-primary-border-color has-white-background-color has-background is-layout-flow wp-container-core-group-layout-8 wp-block-group-is-layout-flow\" style=\"border-width:1px;border-radius:8px;padding-top:0;padding-right:0;padding-bottom:0;padding-left:0;background-image:url(&#039;http:\/\/innovativedesign.es\/wp-content\/uploads\/2024\/01\/Captura-de-pantalla-2024-01-17-a-les-11.05.12-1.png&#039;);background-size:cover;\">\n<div class=\"wp-block-group has-white-background-color has-text-color has-background has-link-color wp-elements-d28605e0b3b92288510c00d580f49236 has-global-padding is-layout-constrained wp-block-group-is-layout-constrained\" style=\"border-top-left-radius:8px;border-top-right-radius:8px;border-bottom-left-radius:0px;border-bottom-right-radius:0px;color:#002685;padding-top:var(--wp--preset--spacing--x-large);padding-right:var(--wp--preset--spacing--large);padding-bottom:var(--wp--preset--spacing--x-large);padding-left:var(--wp--preset--spacing--large)\">\n<h2 class=\"wp-block-heading has-text-align-center has-text-color has-link-color wp-elements-79b42bca779d21ecd847f123e4128965\" style=\"color:#002685;margin-top:0;margin-bottom:0;font-size:clamp(33.419px, 2.089rem + ((1vw - 3.2px) * 2.769), 60px);\">Transformemos Tu <\/h2>\n\n\n\n<h2 class=\"wp-block-heading has-text-align-center has-text-color has-link-color wp-elements-d65e9425f2fb31d56a45ea976b7b8c5c\" style=\"color:#002685;margin-top:0;margin-bottom:0;font-size:clamp(33.419px, 2.089rem + ((1vw - 3.2px) * 2.769), 60px);\">Restaurante<\/h2>\n\n\n\n<div class=\"wp-block-group has-global-padding is-layout-constrained wp-container-core-group-layout-6 wp-block-group-is-layout-constrained\">\n<p class=\"has-text-align-center has-text-color has-small-font-size\" style=\"color:#002685\">Empresa de Servicios Web para Restaurantes<\/p>\n<\/div>\n\n\n\n<ul class=\"wp-block-social-links has-normal-icon-size has-icon-color is-style-logos-only is-content-justification-center is-layout-flex wp-container-core-social-links-layout-1 wp-block-social-links-is-layout-flex\"><li style=\"color: #002685; \" class=\"wp-social-link wp-social-link-mail  wp-block-social-link\"><a href=\"mailto:innovativedesignesp@gmail.com\" class=\"wp-block-social-link-anchor\"><svg width=\"24\" height=\"24\" viewBox=\"0 0 24 24\" version=\"1.1\" xmlns=\"http:\/\/www.w3.org\/2000\/svg\" aria-hidden=\"true\" focusable=\"false\"><path d=\"M19,5H5c-1.1,0-2,.9-2,2v10c0,1.1.9,2,2,2h14c1.1,0,2-.9,2-2V7c0-1.1-.9-2-2-2zm.5,12c0,.3-.2.5-.5.5H5c-.3,0-.5-.2-.5-.5V9.8l7.5,5.6,7.5-5.6V17zm0-9.1L12,13.6,4.5,7.9V7c0-.3.2-.5.5-.5h14c.3,0,.5.2.5.5v.9z\"><\/path><\/svg><span class=\"wp-block-social-link-label screen-reader-text\">Mail<\/span><\/a><\/li>\n\n<li style=\"color: #002685; \" class=\"wp-social-link wp-social-link-whatsapp  wp-block-social-link\"><a href=\"https:\/\/+16138034315\" class=\"wp-block-social-link-anchor\"><svg width=\"24\" height=\"24\" viewBox=\"0 0 24 24\" version=\"1.1\" xmlns=\"http:\/\/www.w3.org\/2000\/svg\" aria-hidden=\"true\" focusable=\"false\"><path d=\"M 12.011719 2 C 6.5057187 2 2.0234844 6.478375 2.0214844 11.984375 C 2.0204844 13.744375 2.4814687 15.462563 3.3554688 16.976562 L 2 22 L 7.2324219 20.763672 C 8.6914219 21.559672 10.333859 21.977516 12.005859 21.978516 L 12.009766 21.978516 C 17.514766 21.978516 21.995047 17.499141 21.998047 11.994141 C 22.000047 9.3251406 20.962172 6.8157344 19.076172 4.9277344 C 17.190172 3.0407344 14.683719 2.001 12.011719 2 z M 12.009766 4 C 14.145766 4.001 16.153109 4.8337969 17.662109 6.3417969 C 19.171109 7.8517969 20.000047 9.8581875 19.998047 11.992188 C 19.996047 16.396187 16.413812 19.978516 12.007812 19.978516 C 10.674812 19.977516 9.3544062 19.642812 8.1914062 19.007812 L 7.5175781 18.640625 L 6.7734375 18.816406 L 4.8046875 19.28125 L 5.2851562 17.496094 L 5.5019531 16.695312 L 5.0878906 15.976562 C 4.3898906 14.768562 4.0204844 13.387375 4.0214844 11.984375 C 4.0234844 7.582375 7.6067656 4 12.009766 4 z M 8.4765625 7.375 C 8.3095625 7.375 8.0395469 7.4375 7.8105469 7.6875 C 7.5815469 7.9365 6.9355469 8.5395781 6.9355469 9.7675781 C 6.9355469 10.995578 7.8300781 12.182609 7.9550781 12.349609 C 8.0790781 12.515609 9.68175 15.115234 12.21875 16.115234 C 14.32675 16.946234 14.754891 16.782234 15.212891 16.740234 C 15.670891 16.699234 16.690438 16.137687 16.898438 15.554688 C 17.106437 14.971687 17.106922 14.470187 17.044922 14.367188 C 16.982922 14.263188 16.816406 14.201172 16.566406 14.076172 C 16.317406 13.951172 15.090328 13.348625 14.861328 13.265625 C 14.632328 13.182625 14.464828 13.140625 14.298828 13.390625 C 14.132828 13.640625 13.655766 14.201187 13.509766 14.367188 C 13.363766 14.534188 13.21875 14.556641 12.96875 14.431641 C 12.71875 14.305641 11.914938 14.041406 10.960938 13.191406 C 10.218937 12.530406 9.7182656 11.714844 9.5722656 11.464844 C 9.4272656 11.215844 9.5585938 11.079078 9.6835938 10.955078 C 9.7955938 10.843078 9.9316406 10.663578 10.056641 10.517578 C 10.180641 10.371578 10.223641 10.267562 10.306641 10.101562 C 10.389641 9.9355625 10.347156 9.7890625 10.285156 9.6640625 C 10.223156 9.5390625 9.737625 8.3065 9.515625 7.8125 C 9.328625 7.3975 9.131125 7.3878594 8.953125 7.3808594 C 8.808125 7.3748594 8.6425625 7.375 8.4765625 7.375 z\"><\/path><\/svg><span class=\"wp-block-social-link-label screen-reader-text\">Tel\u00e9fono<\/span><\/a><\/li><\/ul>\n\n\n\n<div class=\"wp-block-buttons is-content-justification-center is-layout-flex wp-container-core-buttons-layout-3 wp-block-buttons-is-layout-flex\">\n<div class=\"wp-block-button has-custom-font-size is-style-outline has-x-small-font-size\"><a class=\"wp-block-button__link has-lightgrey-background-color has-text-color has-background has-link-color wp-element-button\" href=\"https:\/\/innovativedesign.es\/?page_id=226\" style=\"border-width:1px;border-radius:33px;color:#002685\" target=\"_blank\" rel=\"noreferrer noopener\"><strong>Pol\u00edtica de Privacidad<\/strong><\/a><\/div>\n\n\n\n<div class=\"wp-block-button has-custom-font-size is-style-outline has-x-small-font-size\"><a class=\"wp-block-button__link has-lightgrey-background-color has-text-color has-background has-link-color wp-element-button\" href=\"https:\/\/innovativedesign.es\/?page_id=232\" style=\"border-width:1px;border-radius:33px;color:#002685\" target=\"_blank\" rel=\"noreferrer noopener\"><strong>Cookies&nbsp;y&nbsp;Aviso Legal<\/strong><\/a><\/div>\n<\/div>\n<\/div>\n<\/div>\n","protected":false},"excerpt":{"rendered":"<p>Sobre IDB IDB es una empresa de creaciones web fundada en el a\u00f1o 2023 en la vibrante ciudad de Barcelona. Bajo la direcci\u00f3n visionaria de Pol Armengol. Somos una empresa nueva que empez\u00f3 en el 2023, pero ya estamos luchando para tener una buena posici\u00f3n en el mundo digital. Nuestro equipo, con una buena experiencia, &hellip; <\/p>\n<p class=\"link-more\"><a href=\"https:\/\/innovativedesign.es\/\" class=\"more-link\">Read more<span class=\"screen-reader-text\"> &#8220;P\u00e1gina inicial&#8221;<\/span><\/a><\/p>\n","protected":false},"author":1,"featured_media":0,"parent":0,"menu_order":0,"comment_status":"closed","ping_status":"closed","template":"","meta":{"om_disable_all_campaigns":false,"_monsterinsights_skip_tracking":false,"_monsterinsights_sitenote_active":false,"_monsterinsights_sitenote_note":"","_monsterinsights_sitenote_category":0,"footnotes":""},"aioseo_notices":[],"_links":{"self":[{"href":"https:\/\/innovativedesign.es\/index.php?rest_route=\/wp\/v2\/pages\/13"}],"collection":[{"href":"https:\/\/innovativedesign.es\/index.php?rest_route=\/wp\/v2\/pages"}],"about":[{"href":"https:\/\/innovativedesign.es\/index.php?rest_route=\/wp\/v2\/types\/page"}],"author":[{"embeddable":true,"href":"https:\/\/innovativedesign.es\/index.php?rest_route=\/wp\/v2\/users\/1"}],"replies":[{"embeddable":true,"href":"https:\/\/innovativedesign.es\/index.php?rest_route=%2Fwp%2Fv2%2Fcomments&post=13"}],"version-history":[{"count":59,"href":"https:\/\/innovativedesign.es\/index.php?rest_route=\/wp\/v2\/pages\/13\/revisions"}],"predecessor-version":[{"id":274,"href":"https:\/\/innovativedesign.es\/index.php?rest_route=\/wp\/v2\/pages\/13\/revisions\/274"}],"wp:attachment":[{"href":"https:\/\/innovativedesign.es\/index.php?rest_route=%2Fwp%2Fv2%2Fmedia&parent=13"}],"curies":[{"name":"wp","href":"https:\/\/api.w.org\/{rel}","templated":true}]}}